{"id":10,"date":"2024-02-28T20:31:12","date_gmt":"2024-02-28T20:31:12","guid":{"rendered":"http:\/\/levailivet.se\/?page_id=10"},"modified":"2024-02-28T21:10:44","modified_gmt":"2024-02-28T21:10:44","slug":"hem","status":"publish","type":"page","link":"https:\/\/levailivet.se\/","title":{"rendered":"V\u00e4lkommen till Leva i Livet"},"content":{"rendered":"<p><em>Leva i Livet &#8211; Personlig Utveckling<\/em> \u00e4r det f\u00f6retag d\u00e4r jag, Sophie<br \/>\u00d6dman arbetar som samtalsterapeut och handledare i psykosyntes.<\/p>\n<p><!-- \/wp:post-content --><\/p>\n<p><!-- wp:paragraph --><\/p>\n<p><!-- \/wp:paragraph --><\/p>\n<p><!-- wp:paragraph --><\/p>\n\n<!-- wp:paragraph -->\n<p>Psykosyntes \u00e4r en holistisk psykologiform som v\u00e4nder sig till alla<br>m\u00e4nniskor. Vi m\u00e4nniskor beh\u00f6ver i olika stadier i v\u00e5rt liv hj\u00e4lp med att<br>utvecklas. L\u00e4ra oss att se v\u00e5ra olika sidor och hur vi kan f\u00f6rh\u00e5lla oss i olika<br>situationer.<\/p>\n<!-- \/wp:paragraph -->\n\n<!-- wp:paragraph -->\n<p>Med psykosyntesen som grund kan man g\u00f6ra detta p\u00e5 ett praktiskt s\u00e4tt d\u00e4r du<br>f\u00e5r ta del av verktyg som du kan anv\u00e4nda hemma och jobba vidare med dig sj\u00e4lv.<br>Grunden \u00e4r dock i samtalsform.<\/p>\n<!-- \/wp:paragraph -->","protected":false},"excerpt":{"rendered":"<p>Leva i Livet &#8211; Personlig Utveckling \u00e4r det f\u00f6retag d\u00e4r jag, Sophie\u00d6dman arbetar som samtalsterapeut och handledare i psykosyntes. Psykosyntes \u00e4r en holistisk psykologiform som v\u00e4nder sig till allam\u00e4nniskor. Vi m\u00e4nniskor beh\u00f6ver i olika stadier i v\u00e5rt liv hj\u00e4lp med attutvecklas. L\u00e4ra oss att se v\u00e5ra olika sidor och hur vi kan f\u00f6rh\u00e5lla oss i &hellip; <\/p>\n<p class=\"link-more\"><a href=\"https:\/\/levailivet.se\/\" class=\"more-link\">Forts\u00e4tt l\u00e4sa<span class=\"screen-reader-text\"> \u201dV\u00e4lkommen till Leva i Livet\u201d<\/span><\/a><\/p>\n","protected":false},"author":1,"featured_media":0,"parent":0,"menu_order":0,"comment_status":"closed","ping_status":"closed","template":"","meta":{"inline_featured_image":false,"footnotes":""},"class_list":["post-10","page","type-page","status-publish","hentry"],"_links":{"self":[{"href":"https:\/\/levailivet.se\/index.php\/wp-json\/wp\/v2\/pages\/10","targetHints":{"allow":["GET"]}}],"collection":[{"href":"https:\/\/levailivet.se\/index.php\/wp-json\/wp\/v2\/pages"}],"about":[{"href":"https:\/\/levailivet.se\/index.php\/wp-json\/wp\/v2\/types\/page"}],"author":[{"embeddable":true,"href":"https:\/\/levailivet.se\/index.php\/wp-json\/wp\/v2\/users\/1"}],"replies":[{"embeddable":true,"href":"https:\/\/levailivet.se\/index.php\/wp-json\/wp\/v2\/comments?post=10"}],"version-history":[{"count":5,"href":"https:\/\/levailivet.se\/index.php\/wp-json\/wp\/v2\/pages\/10\/revisions"}],"predecessor-version":[{"id":78,"href":"https:\/\/levailivet.se\/index.php\/wp-json\/wp\/v2\/pages\/10\/revisions\/78"}],"wp:attachment":[{"href":"https:\/\/levailivet.se\/index.php\/wp-json\/wp\/v2\/media?parent=10"}],"curies":[{"name":"wp","href":"https:\/\/api.w.org\/{rel}","templated":true}]}}